{"id":10807,"date":"2024-08-14T07:36:26","date_gmt":"2024-08-14T07:36:26","guid":{"rendered":"https:\/\/diasamaritan.com\/?post_type=product&#038;p=10807"},"modified":"2025-05-21T07:57:27","modified_gmt":"2025-05-21T07:57:27","slug":"clenska-sekce-pro-zdravou-glykemii","status":"publish","type":"product","link":"https:\/\/diasamaritan.com\/cs\/produkt\/clenska-sekce-pro-zdravou-glykemii\/","title":{"rendered":"\u010clensk\u00e1 sekce pro zdravou glyk\u00e9mii"},"content":{"rendered":"","protected":false},"excerpt":{"rendered":"","protected":false},"featured_media":10808,"comment_status":"open","ping_status":"closed","template":"","meta":[],"product_brand":[],"product_cat":[],"product_tag":[],"class_list":{"0":"post-10807","1":"product","2":"type-product","3":"status-publish","4":"has-post-thumbnail","7":"first","8":"instock","9":"sale","10":"virtual","11":"taxable","12":"purchasable","13":"product-type-simple"},"yoast_head":"<!-- This site is optimized with the Yoast SEO plugin v27.4 - https:\/\/yoast.com\/product\/yoast-seo-wordpress\/ -->\n<title>\u010clensk\u00e1 sekce pro zdravou glyk\u00e9mii - diasamaritan.com<\/title>\n<meta name=\"robots\" content=\"index, follow, max-snippet:-1, max-image-preview:large, max-video-preview:-1\" \/>\n<link rel=\"canonical\" href=\"https:\/\/diasamaritan.com\/cs\/produkt\/clenska-sekce-pro-zdravou-glykemii\/\" \/>\n<meta property=\"og:locale\" content=\"cs_CZ\" \/>\n<meta property=\"og:type\" content=\"article\" \/>\n<meta property=\"og:title\" content=\"\u010clensk\u00e1 sekce pro zdravou glyk\u00e9mii - diasamaritan.com\" \/>\n<meta property=\"og:url\" content=\"https:\/\/diasamaritan.com\/cs\/produkt\/clenska-sekce-pro-zdravou-glykemii\/\" \/>\n<meta property=\"og:site_name\" content=\"diasamaritan.com\" \/>\n<meta property=\"article:modified_time\" content=\"2025-05-21T07:57:27+00:00\" \/>\n<meta property=\"og:image\" content=\"https:\/\/diasamaritan.com\/wp-content\/uploads\/2024\/08\/cta-checkoutcz.png\" \/>\n\t<meta property=\"og:image:width\" content=\"1000\" \/>\n\t<meta property=\"og:image:height\" content=\"1000\" \/>\n\t<meta property=\"og:image:type\" content=\"image\/png\" \/>\n<meta name=\"twitter:card\" content=\"summary_large_image\" \/>\n<meta name=\"twitter:label1\" content=\"Odhadovan\u00e1 doba \u010dten\u00ed\" \/>\n\t<meta name=\"twitter:data1\" content=\"1 minuta\" \/>\n<script type=\"application\/ld+json\" class=\"yoast-schema-graph\">{\"@context\":\"https:\\\/\\\/schema.org\",\"@graph\":[{\"@type\":\"WebPage\",\"@id\":\"https:\\\/\\\/diasamaritan.com\\\/cs\\\/produkt\\\/clenska-sekce-pro-zdravou-glykemii\\\/\",\"url\":\"https:\\\/\\\/diasamaritan.com\\\/cs\\\/produkt\\\/clenska-sekce-pro-zdravou-glykemii\\\/\",\"name\":\"\u010clensk\u00e1 sekce pro zdravou glyk\u00e9mii - diasamaritan.com\",\"isPartOf\":{\"@id\":\"https:\\\/\\\/diasamaritan.com\\\/#website\"},\"primaryImageOfPage\":{\"@id\":\"https:\\\/\\\/diasamaritan.com\\\/cs\\\/produkt\\\/clenska-sekce-pro-zdravou-glykemii\\\/#primaryimage\"},\"image\":{\"@id\":\"https:\\\/\\\/diasamaritan.com\\\/cs\\\/produkt\\\/clenska-sekce-pro-zdravou-glykemii\\\/#primaryimage\"},\"thumbnailUrl\":\"https:\\\/\\\/diasamaritan.com\\\/wp-content\\\/uploads\\\/2024\\\/08\\\/cta-checkoutcz.png\",\"datePublished\":\"2024-08-14T07:36:26+00:00\",\"dateModified\":\"2025-05-21T07:57:27+00:00\",\"breadcrumb\":{\"@id\":\"https:\\\/\\\/diasamaritan.com\\\/cs\\\/produkt\\\/clenska-sekce-pro-zdravou-glykemii\\\/#breadcrumb\"},\"inLanguage\":\"cs\",\"potentialAction\":[{\"@type\":\"ReadAction\",\"target\":[\"https:\\\/\\\/diasamaritan.com\\\/cs\\\/produkt\\\/clenska-sekce-pro-zdravou-glykemii\\\/\"]}]},{\"@type\":\"ImageObject\",\"inLanguage\":\"cs\",\"@id\":\"https:\\\/\\\/diasamaritan.com\\\/cs\\\/produkt\\\/clenska-sekce-pro-zdravou-glykemii\\\/#primaryimage\",\"url\":\"https:\\\/\\\/diasamaritan.com\\\/wp-content\\\/uploads\\\/2024\\\/08\\\/cta-checkoutcz.png\",\"contentUrl\":\"https:\\\/\\\/diasamaritan.com\\\/wp-content\\\/uploads\\\/2024\\\/08\\\/cta-checkoutcz.png\",\"width\":1000,\"height\":1000},{\"@type\":\"BreadcrumbList\",\"@id\":\"https:\\\/\\\/diasamaritan.com\\\/cs\\\/produkt\\\/clenska-sekce-pro-zdravou-glykemii\\\/#breadcrumb\",\"itemListElement\":[{\"@type\":\"ListItem\",\"position\":1,\"name\":\"Domov\",\"item\":\"https:\\\/\\\/diasamaritan.com\\\/cs\\\/\"},{\"@type\":\"ListItem\",\"position\":2,\"name\":\"Shop\",\"item\":\"https:\\\/\\\/diasamaritan.com\\\/cs\\\/shopcz\\\/\"},{\"@type\":\"ListItem\",\"position\":3,\"name\":\"\u010clensk\u00e1 sekce pro zdravou glyk\u00e9mii\"}]},{\"@type\":\"WebSite\",\"@id\":\"https:\\\/\\\/diasamaritan.com\\\/#website\",\"url\":\"https:\\\/\\\/diasamaritan.com\\\/\",\"name\":\"diasamaritan.com\",\"description\":\"...aby ste aj vy mohli \u017ei\u0165 bez cukrovky\",\"potentialAction\":[{\"@type\":\"SearchAction\",\"target\":{\"@type\":\"EntryPoint\",\"urlTemplate\":\"https:\\\/\\\/diasamaritan.com\\\/?s={search_term_string}\"},\"query-input\":{\"@type\":\"PropertyValueSpecification\",\"valueRequired\":true,\"valueName\":\"search_term_string\"}}],\"inLanguage\":\"cs\"}]}<\/script>\n<!-- \/ Yoast SEO plugin. -->","yoast_head_json":{"title":"\u010clensk\u00e1 sekce pro zdravou glyk\u00e9mii - diasamaritan.com","robots":{"index":"index","follow":"follow","max-snippet":"max-snippet:-1","max-image-preview":"max-image-preview:large","max-video-preview":"max-video-preview:-1"},"canonical":"https:\/\/diasamaritan.com\/cs\/produkt\/clenska-sekce-pro-zdravou-glykemii\/","og_locale":"cs_CZ","og_type":"article","og_title":"\u010clensk\u00e1 sekce pro zdravou glyk\u00e9mii - diasamaritan.com","og_url":"https:\/\/diasamaritan.com\/cs\/produkt\/clenska-sekce-pro-zdravou-glykemii\/","og_site_name":"diasamaritan.com","article_modified_time":"2025-05-21T07:57:27+00:00","og_image":[{"width":1000,"height":1000,"url":"https:\/\/diasamaritan.com\/wp-content\/uploads\/2024\/08\/cta-checkoutcz.png","type":"image\/png"}],"twitter_card":"summary_large_image","twitter_misc":{"Odhadovan\u00e1 doba \u010dten\u00ed":"1 minuta"},"schema":{"@context":"https:\/\/schema.org","@graph":[{"@type":"WebPage","@id":"https:\/\/diasamaritan.com\/cs\/produkt\/clenska-sekce-pro-zdravou-glykemii\/","url":"https:\/\/diasamaritan.com\/cs\/produkt\/clenska-sekce-pro-zdravou-glykemii\/","name":"\u010clensk\u00e1 sekce pro zdravou glyk\u00e9mii - diasamaritan.com","isPartOf":{"@id":"https:\/\/diasamaritan.com\/#website"},"primaryImageOfPage":{"@id":"https:\/\/diasamaritan.com\/cs\/produkt\/clenska-sekce-pro-zdravou-glykemii\/#primaryimage"},"image":{"@id":"https:\/\/diasamaritan.com\/cs\/produkt\/clenska-sekce-pro-zdravou-glykemii\/#primaryimage"},"thumbnailUrl":"https:\/\/diasamaritan.com\/wp-content\/uploads\/2024\/08\/cta-checkoutcz.png","datePublished":"2024-08-14T07:36:26+00:00","dateModified":"2025-05-21T07:57:27+00:00","breadcrumb":{"@id":"https:\/\/diasamaritan.com\/cs\/produkt\/clenska-sekce-pro-zdravou-glykemii\/#breadcrumb"},"inLanguage":"cs","potentialAction":[{"@type":"ReadAction","target":["https:\/\/diasamaritan.com\/cs\/produkt\/clenska-sekce-pro-zdravou-glykemii\/"]}]},{"@type":"ImageObject","inLanguage":"cs","@id":"https:\/\/diasamaritan.com\/cs\/produkt\/clenska-sekce-pro-zdravou-glykemii\/#primaryimage","url":"https:\/\/diasamaritan.com\/wp-content\/uploads\/2024\/08\/cta-checkoutcz.png","contentUrl":"https:\/\/diasamaritan.com\/wp-content\/uploads\/2024\/08\/cta-checkoutcz.png","width":1000,"height":1000},{"@type":"BreadcrumbList","@id":"https:\/\/diasamaritan.com\/cs\/produkt\/clenska-sekce-pro-zdravou-glykemii\/#breadcrumb","itemListElement":[{"@type":"ListItem","position":1,"name":"Domov","item":"https:\/\/diasamaritan.com\/cs\/"},{"@type":"ListItem","position":2,"name":"Shop","item":"https:\/\/diasamaritan.com\/cs\/shopcz\/"},{"@type":"ListItem","position":3,"name":"\u010clensk\u00e1 sekce pro zdravou glyk\u00e9mii"}]},{"@type":"WebSite","@id":"https:\/\/diasamaritan.com\/#website","url":"https:\/\/diasamaritan.com\/","name":"diasamaritan.com","description":"...aby ste aj vy mohli \u017ei\u0165 bez cukrovky","potentialAction":[{"@type":"SearchAction","target":{"@type":"EntryPoint","urlTemplate":"https:\/\/diasamaritan.com\/?s={search_term_string}"},"query-input":{"@type":"PropertyValueSpecification","valueRequired":true,"valueName":"search_term_string"}}],"inLanguage":"cs"}]}},"_links":{"self":[{"href":"https:\/\/diasamaritan.com\/cs\/wp-json\/wp\/v2\/product\/10807","targetHints":{"allow":["GET"]}}],"collection":[{"href":"https:\/\/diasamaritan.com\/cs\/wp-json\/wp\/v2\/product"}],"about":[{"href":"https:\/\/diasamaritan.com\/cs\/wp-json\/wp\/v2\/types\/product"}],"replies":[{"embeddable":true,"href":"https:\/\/diasamaritan.com\/cs\/wp-json\/wp\/v2\/comments?post=10807"}],"wp:featuredmedia":[{"embeddable":true,"href":"https:\/\/diasamaritan.com\/cs\/wp-json\/wp\/v2\/media\/10808"}],"wp:attachment":[{"href":"https:\/\/diasamaritan.com\/cs\/wp-json\/wp\/v2\/media?parent=10807"}],"wp:term":[{"taxonomy":"product_brand","embeddable":true,"href":"https:\/\/diasamaritan.com\/cs\/wp-json\/wp\/v2\/product_brand?post=10807"},{"taxonomy":"product_cat","embeddable":true,"href":"https:\/\/diasamaritan.com\/cs\/wp-json\/wp\/v2\/product_cat?post=10807"},{"taxonomy":"product_tag","embeddable":true,"href":"https:\/\/diasamaritan.com\/cs\/wp-json\/wp\/v2\/product_tag?post=10807"}],"curies":[{"name":"wp","href":"https:\/\/api.w.org\/{rel}","templated":true}]}}