{"id":2693,"date":"2022-12-01T16:42:38","date_gmt":"2022-12-01T16:42:38","guid":{"rendered":"https:\/\/www.diasamaritan.com\/?post_type=product&#038;p=2693"},"modified":"2025-05-21T07:45:35","modified_gmt":"2025-05-21T07:45:35","slug":"kniha-holisticka-lecba-cukrovky-2-typu-bonusy","status":"publish","type":"product","link":"https:\/\/diasamaritan.com\/cs\/produkt\/kniha-holisticka-lecba-cukrovky-2-typu-bonusy\/","title":{"rendered":"Kniha Holistick\u00e1 l\u00e9\u010dba cukrovky 2. typu + Bonusy"},"content":{"rendered":"","protected":false},"excerpt":{"rendered":"","protected":false},"featured_media":12671,"comment_status":"open","ping_status":"closed","template":"","meta":[],"product_brand":[],"product_cat":[],"product_tag":[],"class_list":{"0":"post-2693","1":"product","2":"type-product","3":"status-publish","4":"has-post-thumbnail","7":"first","8":"instock","9":"sale","10":"taxable","11":"shipping-taxable","12":"purchasable","13":"product-type-simple"},"yoast_head":"<!-- This site is optimized with the Yoast SEO plugin v27.4 - https:\/\/yoast.com\/product\/yoast-seo-wordpress\/ -->\n<title>Kniha Holistick\u00e1 l\u00e9\u010dba cukrovky 2. typu + Bonusy - diasamaritan.com<\/title>\n<meta name=\"robots\" content=\"index, follow, max-snippet:-1, max-image-preview:large, max-video-preview:-1\" \/>\n<link rel=\"canonical\" href=\"https:\/\/diasamaritan.com\/cs\/produkt\/kniha-holisticka-lecba-cukrovky-2-typu-bonusy\/\" \/>\n<meta property=\"og:locale\" content=\"cs_CZ\" \/>\n<meta property=\"og:type\" content=\"article\" \/>\n<meta property=\"og:title\" content=\"Kniha Holistick\u00e1 l\u00e9\u010dba cukrovky 2. typu + Bonusy - diasamaritan.com\" \/>\n<meta property=\"og:url\" content=\"https:\/\/diasamaritan.com\/cs\/produkt\/kniha-holisticka-lecba-cukrovky-2-typu-bonusy\/\" \/>\n<meta property=\"og:site_name\" content=\"diasamaritan.com\" \/>\n<meta property=\"article:modified_time\" content=\"2025-05-21T07:45:35+00:00\" \/>\n<meta property=\"og:image\" content=\"https:\/\/diasamaritan.com\/wp-content\/uploads\/2022\/12\/sphlccz.png\" \/>\n\t<meta property=\"og:image:width\" content=\"1000\" \/>\n\t<meta property=\"og:image:height\" content=\"1242\" \/>\n\t<meta property=\"og:image:type\" content=\"image\/png\" \/>\n<meta name=\"twitter:card\" content=\"summary_large_image\" \/>\n<meta name=\"twitter:label1\" content=\"Odhadovan\u00e1 doba \u010dten\u00ed\" \/>\n\t<meta name=\"twitter:data1\" content=\"1 minuta\" \/>\n<script type=\"application\/ld+json\" class=\"yoast-schema-graph\">{\"@context\":\"https:\\\/\\\/schema.org\",\"@graph\":[{\"@type\":\"WebPage\",\"@id\":\"https:\\\/\\\/diasamaritan.com\\\/cs\\\/produkt\\\/kniha-holisticka-lecba-cukrovky-2-typu-bonusy\\\/\",\"url\":\"https:\\\/\\\/diasamaritan.com\\\/cs\\\/produkt\\\/kniha-holisticka-lecba-cukrovky-2-typu-bonusy\\\/\",\"name\":\"Kniha Holistick\u00e1 l\u00e9\u010dba cukrovky 2. typu + Bonusy - diasamaritan.com\",\"isPartOf\":{\"@id\":\"https:\\\/\\\/diasamaritan.com\\\/#website\"},\"primaryImageOfPage\":{\"@id\":\"https:\\\/\\\/diasamaritan.com\\\/cs\\\/produkt\\\/kniha-holisticka-lecba-cukrovky-2-typu-bonusy\\\/#primaryimage\"},\"image\":{\"@id\":\"https:\\\/\\\/diasamaritan.com\\\/cs\\\/produkt\\\/kniha-holisticka-lecba-cukrovky-2-typu-bonusy\\\/#primaryimage\"},\"thumbnailUrl\":\"https:\\\/\\\/diasamaritan.com\\\/wp-content\\\/uploads\\\/2022\\\/12\\\/sphlccz.png\",\"datePublished\":\"2022-12-01T16:42:38+00:00\",\"dateModified\":\"2025-05-21T07:45:35+00:00\",\"breadcrumb\":{\"@id\":\"https:\\\/\\\/diasamaritan.com\\\/cs\\\/produkt\\\/kniha-holisticka-lecba-cukrovky-2-typu-bonusy\\\/#breadcrumb\"},\"inLanguage\":\"cs\",\"potentialAction\":[{\"@type\":\"ReadAction\",\"target\":[\"https:\\\/\\\/diasamaritan.com\\\/cs\\\/produkt\\\/kniha-holisticka-lecba-cukrovky-2-typu-bonusy\\\/\"]}]},{\"@type\":\"ImageObject\",\"inLanguage\":\"cs\",\"@id\":\"https:\\\/\\\/diasamaritan.com\\\/cs\\\/produkt\\\/kniha-holisticka-lecba-cukrovky-2-typu-bonusy\\\/#primaryimage\",\"url\":\"https:\\\/\\\/diasamaritan.com\\\/wp-content\\\/uploads\\\/2022\\\/12\\\/sphlccz.png\",\"contentUrl\":\"https:\\\/\\\/diasamaritan.com\\\/wp-content\\\/uploads\\\/2022\\\/12\\\/sphlccz.png\",\"width\":1000,\"height\":1242},{\"@type\":\"BreadcrumbList\",\"@id\":\"https:\\\/\\\/diasamaritan.com\\\/cs\\\/produkt\\\/kniha-holisticka-lecba-cukrovky-2-typu-bonusy\\\/#breadcrumb\",\"itemListElement\":[{\"@type\":\"ListItem\",\"position\":1,\"name\":\"Domov\",\"item\":\"https:\\\/\\\/diasamaritan.com\\\/cs\\\/\"},{\"@type\":\"ListItem\",\"position\":2,\"name\":\"Shop\",\"item\":\"https:\\\/\\\/diasamaritan.com\\\/cs\\\/shopcz\\\/\"},{\"@type\":\"ListItem\",\"position\":3,\"name\":\"Kniha Holistick\u00e1 l\u00e9\u010dba cukrovky 2. typu + Bonusy\"}]},{\"@type\":\"WebSite\",\"@id\":\"https:\\\/\\\/diasamaritan.com\\\/#website\",\"url\":\"https:\\\/\\\/diasamaritan.com\\\/\",\"name\":\"diasamaritan.com\",\"description\":\"...aby ste aj vy mohli \u017ei\u0165 bez cukrovky\",\"potentialAction\":[{\"@type\":\"SearchAction\",\"target\":{\"@type\":\"EntryPoint\",\"urlTemplate\":\"https:\\\/\\\/diasamaritan.com\\\/?s={search_term_string}\"},\"query-input\":{\"@type\":\"PropertyValueSpecification\",\"valueRequired\":true,\"valueName\":\"search_term_string\"}}],\"inLanguage\":\"cs\"}]}<\/script>\n<!-- \/ Yoast SEO plugin. -->","yoast_head_json":{"title":"Kniha Holistick\u00e1 l\u00e9\u010dba cukrovky 2. typu + Bonusy - diasamaritan.com","robots":{"index":"index","follow":"follow","max-snippet":"max-snippet:-1","max-image-preview":"max-image-preview:large","max-video-preview":"max-video-preview:-1"},"canonical":"https:\/\/diasamaritan.com\/cs\/produkt\/kniha-holisticka-lecba-cukrovky-2-typu-bonusy\/","og_locale":"cs_CZ","og_type":"article","og_title":"Kniha Holistick\u00e1 l\u00e9\u010dba cukrovky 2. typu + Bonusy - diasamaritan.com","og_url":"https:\/\/diasamaritan.com\/cs\/produkt\/kniha-holisticka-lecba-cukrovky-2-typu-bonusy\/","og_site_name":"diasamaritan.com","article_modified_time":"2025-05-21T07:45:35+00:00","og_image":[{"width":1000,"height":1242,"url":"https:\/\/diasamaritan.com\/wp-content\/uploads\/2022\/12\/sphlccz.png","type":"image\/png"}],"twitter_card":"summary_large_image","twitter_misc":{"Odhadovan\u00e1 doba \u010dten\u00ed":"1 minuta"},"schema":{"@context":"https:\/\/schema.org","@graph":[{"@type":"WebPage","@id":"https:\/\/diasamaritan.com\/cs\/produkt\/kniha-holisticka-lecba-cukrovky-2-typu-bonusy\/","url":"https:\/\/diasamaritan.com\/cs\/produkt\/kniha-holisticka-lecba-cukrovky-2-typu-bonusy\/","name":"Kniha Holistick\u00e1 l\u00e9\u010dba cukrovky 2. typu + Bonusy - diasamaritan.com","isPartOf":{"@id":"https:\/\/diasamaritan.com\/#website"},"primaryImageOfPage":{"@id":"https:\/\/diasamaritan.com\/cs\/produkt\/kniha-holisticka-lecba-cukrovky-2-typu-bonusy\/#primaryimage"},"image":{"@id":"https:\/\/diasamaritan.com\/cs\/produkt\/kniha-holisticka-lecba-cukrovky-2-typu-bonusy\/#primaryimage"},"thumbnailUrl":"https:\/\/diasamaritan.com\/wp-content\/uploads\/2022\/12\/sphlccz.png","datePublished":"2022-12-01T16:42:38+00:00","dateModified":"2025-05-21T07:45:35+00:00","breadcrumb":{"@id":"https:\/\/diasamaritan.com\/cs\/produkt\/kniha-holisticka-lecba-cukrovky-2-typu-bonusy\/#breadcrumb"},"inLanguage":"cs","potentialAction":[{"@type":"ReadAction","target":["https:\/\/diasamaritan.com\/cs\/produkt\/kniha-holisticka-lecba-cukrovky-2-typu-bonusy\/"]}]},{"@type":"ImageObject","inLanguage":"cs","@id":"https:\/\/diasamaritan.com\/cs\/produkt\/kniha-holisticka-lecba-cukrovky-2-typu-bonusy\/#primaryimage","url":"https:\/\/diasamaritan.com\/wp-content\/uploads\/2022\/12\/sphlccz.png","contentUrl":"https:\/\/diasamaritan.com\/wp-content\/uploads\/2022\/12\/sphlccz.png","width":1000,"height":1242},{"@type":"BreadcrumbList","@id":"https:\/\/diasamaritan.com\/cs\/produkt\/kniha-holisticka-lecba-cukrovky-2-typu-bonusy\/#breadcrumb","itemListElement":[{"@type":"ListItem","position":1,"name":"Domov","item":"https:\/\/diasamaritan.com\/cs\/"},{"@type":"ListItem","position":2,"name":"Shop","item":"https:\/\/diasamaritan.com\/cs\/shopcz\/"},{"@type":"ListItem","position":3,"name":"Kniha Holistick\u00e1 l\u00e9\u010dba cukrovky 2. typu + Bonusy"}]},{"@type":"WebSite","@id":"https:\/\/diasamaritan.com\/#website","url":"https:\/\/diasamaritan.com\/","name":"diasamaritan.com","description":"...aby ste aj vy mohli \u017ei\u0165 bez cukrovky","potentialAction":[{"@type":"SearchAction","target":{"@type":"EntryPoint","urlTemplate":"https:\/\/diasamaritan.com\/?s={search_term_string}"},"query-input":{"@type":"PropertyValueSpecification","valueRequired":true,"valueName":"search_term_string"}}],"inLanguage":"cs"}]}},"_links":{"self":[{"href":"https:\/\/diasamaritan.com\/cs\/wp-json\/wp\/v2\/product\/2693","targetHints":{"allow":["GET"]}}],"collection":[{"href":"https:\/\/diasamaritan.com\/cs\/wp-json\/wp\/v2\/product"}],"about":[{"href":"https:\/\/diasamaritan.com\/cs\/wp-json\/wp\/v2\/types\/product"}],"replies":[{"embeddable":true,"href":"https:\/\/diasamaritan.com\/cs\/wp-json\/wp\/v2\/comments?post=2693"}],"wp:featuredmedia":[{"embeddable":true,"href":"https:\/\/diasamaritan.com\/cs\/wp-json\/wp\/v2\/media\/12671"}],"wp:attachment":[{"href":"https:\/\/diasamaritan.com\/cs\/wp-json\/wp\/v2\/media?parent=2693"}],"wp:term":[{"taxonomy":"product_brand","embeddable":true,"href":"https:\/\/diasamaritan.com\/cs\/wp-json\/wp\/v2\/product_brand?post=2693"},{"taxonomy":"product_cat","embeddable":true,"href":"https:\/\/diasamaritan.com\/cs\/wp-json\/wp\/v2\/product_cat?post=2693"},{"taxonomy":"product_tag","embeddable":true,"href":"https:\/\/diasamaritan.com\/cs\/wp-json\/wp\/v2\/product_tag?post=2693"}],"curies":[{"name":"wp","href":"https:\/\/api.w.org\/{rel}","templated":true}]}}