{"id":301,"date":"2022-09-11T11:19:28","date_gmt":"2022-09-11T11:19:28","guid":{"rendered":"https:\/\/www.diasamaritan.com\/?post_type=product&#038;p=301"},"modified":"2025-05-21T07:49:14","modified_gmt":"2025-05-21T07:49:14","slug":"sp4","status":"publish","type":"product","link":"https:\/\/diasamaritan.com\/cs\/produkt\/sp4\/","title":{"rendered":"E-kniha Holistick\u00e1 l\u00e9\u010dba cukrovky 2. typu + Bonusy - Speci\u00e1ln\u00ed sleva"},"content":{"rendered":"","protected":false},"excerpt":{"rendered":"","protected":false},"featured_media":877,"comment_status":"open","ping_status":"closed","template":"","meta":[],"product_brand":[],"product_cat":[],"product_tag":[],"class_list":{"0":"post-301","1":"product","2":"type-product","3":"status-publish","4":"has-post-thumbnail","7":"first","8":"instock","9":"sale","10":"downloadable","11":"virtual","12":"taxable","13":"purchasable","14":"product-type-simple"},"yoast_head":"<!-- This site is optimized with the Yoast SEO plugin v27.4 - https:\/\/yoast.com\/product\/yoast-seo-wordpress\/ -->\n<title>E-kniha Holistick\u00e1 l\u00e9\u010dba cukrovky 2. typu + Bonusy - Speci\u00e1ln\u00ed sleva - diasamaritan.com<\/title>\n<meta name=\"robots\" content=\"noindex, nofollow\" \/>\n<meta property=\"og:locale\" content=\"cs_CZ\" \/>\n<meta property=\"og:type\" content=\"article\" \/>\n<meta property=\"og:title\" content=\"E-kniha Holistick\u00e1 l\u00e9\u010dba cukrovky 2. typu + Bonusy - Speci\u00e1ln\u00ed sleva - diasamaritan.com\" \/>\n<meta property=\"og:url\" content=\"https:\/\/diasamaritan.com\/cs\/produkt\/sp4\/\" \/>\n<meta property=\"og:site_name\" content=\"diasamaritan.com\" \/>\n<meta property=\"article:modified_time\" content=\"2025-05-21T07:49:14+00:00\" \/>\n<meta property=\"og:image\" content=\"https:\/\/diasamaritan.com\/wp-content\/uploads\/2022\/10\/26-scaled.jpg\" \/>\n\t<meta property=\"og:image:width\" content=\"1982\" \/>\n\t<meta property=\"og:image:height\" content=\"2560\" \/>\n\t<meta property=\"og:image:type\" content=\"image\/jpeg\" \/>\n<meta name=\"twitter:card\" content=\"summary_large_image\" \/>\n<meta name=\"twitter:label1\" content=\"Odhadovan\u00e1 doba \u010dten\u00ed\" \/>\n\t<meta name=\"twitter:data1\" content=\"1 minuta\" \/>\n<script type=\"application\/ld+json\" class=\"yoast-schema-graph\">{\"@context\":\"https:\\\/\\\/schema.org\",\"@graph\":[{\"@type\":\"WebPage\",\"@id\":\"https:\\\/\\\/diasamaritan.com\\\/cs\\\/produkt\\\/sp4\\\/\",\"url\":\"https:\\\/\\\/diasamaritan.com\\\/cs\\\/produkt\\\/sp4\\\/\",\"name\":\"E-kniha Holistick\u00e1 l\u00e9\u010dba cukrovky 2. typu + Bonusy - Speci\u00e1ln\u00ed sleva - diasamaritan.com\",\"isPartOf\":{\"@id\":\"https:\\\/\\\/diasamaritan.com\\\/#website\"},\"primaryImageOfPage\":{\"@id\":\"https:\\\/\\\/diasamaritan.com\\\/cs\\\/produkt\\\/sp4\\\/#primaryimage\"},\"image\":{\"@id\":\"https:\\\/\\\/diasamaritan.com\\\/cs\\\/produkt\\\/sp4\\\/#primaryimage\"},\"thumbnailUrl\":\"https:\\\/\\\/diasamaritan.com\\\/wp-content\\\/uploads\\\/2022\\\/10\\\/26-scaled.jpg\",\"datePublished\":\"2022-09-11T11:19:28+00:00\",\"dateModified\":\"2025-05-21T07:49:14+00:00\",\"breadcrumb\":{\"@id\":\"https:\\\/\\\/diasamaritan.com\\\/cs\\\/produkt\\\/sp4\\\/#breadcrumb\"},\"inLanguage\":\"cs\",\"potentialAction\":[{\"@type\":\"ReadAction\",\"target\":[\"https:\\\/\\\/diasamaritan.com\\\/cs\\\/produkt\\\/sp4\\\/\"]}]},{\"@type\":\"ImageObject\",\"inLanguage\":\"cs\",\"@id\":\"https:\\\/\\\/diasamaritan.com\\\/cs\\\/produkt\\\/sp4\\\/#primaryimage\",\"url\":\"https:\\\/\\\/diasamaritan.com\\\/wp-content\\\/uploads\\\/2022\\\/10\\\/26-scaled.jpg\",\"contentUrl\":\"https:\\\/\\\/diasamaritan.com\\\/wp-content\\\/uploads\\\/2022\\\/10\\\/26-scaled.jpg\",\"width\":1982,\"height\":2560},{\"@type\":\"BreadcrumbList\",\"@id\":\"https:\\\/\\\/diasamaritan.com\\\/cs\\\/produkt\\\/sp4\\\/#breadcrumb\",\"itemListElement\":[{\"@type\":\"ListItem\",\"position\":1,\"name\":\"Domov\",\"item\":\"https:\\\/\\\/diasamaritan.com\\\/cs\\\/\"},{\"@type\":\"ListItem\",\"position\":2,\"name\":\"Shop\",\"item\":\"https:\\\/\\\/diasamaritan.com\\\/cs\\\/shopcz\\\/\"},{\"@type\":\"ListItem\",\"position\":3,\"name\":\"E-kniha Holistick\u00e1 l\u00e9\u010dba cukrovky 2. typu + Bonusy - Speci\u00e1ln\u00ed sleva\"}]},{\"@type\":\"WebSite\",\"@id\":\"https:\\\/\\\/diasamaritan.com\\\/#website\",\"url\":\"https:\\\/\\\/diasamaritan.com\\\/\",\"name\":\"diasamaritan.com\",\"description\":\"...aby ste aj vy mohli \u017ei\u0165 bez cukrovky\",\"potentialAction\":[{\"@type\":\"SearchAction\",\"target\":{\"@type\":\"EntryPoint\",\"urlTemplate\":\"https:\\\/\\\/diasamaritan.com\\\/?s={search_term_string}\"},\"query-input\":{\"@type\":\"PropertyValueSpecification\",\"valueRequired\":true,\"valueName\":\"search_term_string\"}}],\"inLanguage\":\"cs\"}]}<\/script>\n<!-- \/ Yoast SEO plugin. -->","yoast_head_json":{"title":"E-kniha Holistick\u00e1 l\u00e9\u010dba cukrovky 2. typu + Bonusy - Speci\u00e1ln\u00ed sleva - diasamaritan.com","robots":{"index":"noindex","follow":"nofollow"},"og_locale":"cs_CZ","og_type":"article","og_title":"E-kniha Holistick\u00e1 l\u00e9\u010dba cukrovky 2. typu + Bonusy - Speci\u00e1ln\u00ed sleva - diasamaritan.com","og_url":"https:\/\/diasamaritan.com\/cs\/produkt\/sp4\/","og_site_name":"diasamaritan.com","article_modified_time":"2025-05-21T07:49:14+00:00","og_image":[{"width":1982,"height":2560,"url":"https:\/\/diasamaritan.com\/wp-content\/uploads\/2022\/10\/26-scaled.jpg","type":"image\/jpeg"}],"twitter_card":"summary_large_image","twitter_misc":{"Odhadovan\u00e1 doba \u010dten\u00ed":"1 minuta"},"schema":{"@context":"https:\/\/schema.org","@graph":[{"@type":"WebPage","@id":"https:\/\/diasamaritan.com\/cs\/produkt\/sp4\/","url":"https:\/\/diasamaritan.com\/cs\/produkt\/sp4\/","name":"E-kniha Holistick\u00e1 l\u00e9\u010dba cukrovky 2. typu + Bonusy - Speci\u00e1ln\u00ed sleva - diasamaritan.com","isPartOf":{"@id":"https:\/\/diasamaritan.com\/#website"},"primaryImageOfPage":{"@id":"https:\/\/diasamaritan.com\/cs\/produkt\/sp4\/#primaryimage"},"image":{"@id":"https:\/\/diasamaritan.com\/cs\/produkt\/sp4\/#primaryimage"},"thumbnailUrl":"https:\/\/diasamaritan.com\/wp-content\/uploads\/2022\/10\/26-scaled.jpg","datePublished":"2022-09-11T11:19:28+00:00","dateModified":"2025-05-21T07:49:14+00:00","breadcrumb":{"@id":"https:\/\/diasamaritan.com\/cs\/produkt\/sp4\/#breadcrumb"},"inLanguage":"cs","potentialAction":[{"@type":"ReadAction","target":["https:\/\/diasamaritan.com\/cs\/produkt\/sp4\/"]}]},{"@type":"ImageObject","inLanguage":"cs","@id":"https:\/\/diasamaritan.com\/cs\/produkt\/sp4\/#primaryimage","url":"https:\/\/diasamaritan.com\/wp-content\/uploads\/2022\/10\/26-scaled.jpg","contentUrl":"https:\/\/diasamaritan.com\/wp-content\/uploads\/2022\/10\/26-scaled.jpg","width":1982,"height":2560},{"@type":"BreadcrumbList","@id":"https:\/\/diasamaritan.com\/cs\/produkt\/sp4\/#breadcrumb","itemListElement":[{"@type":"ListItem","position":1,"name":"Domov","item":"https:\/\/diasamaritan.com\/cs\/"},{"@type":"ListItem","position":2,"name":"Shop","item":"https:\/\/diasamaritan.com\/cs\/shopcz\/"},{"@type":"ListItem","position":3,"name":"E-kniha Holistick\u00e1 l\u00e9\u010dba cukrovky 2. typu + Bonusy - Speci\u00e1ln\u00ed sleva"}]},{"@type":"WebSite","@id":"https:\/\/diasamaritan.com\/#website","url":"https:\/\/diasamaritan.com\/","name":"diasamaritan.com","description":"...aby ste aj vy mohli \u017ei\u0165 bez cukrovky","potentialAction":[{"@type":"SearchAction","target":{"@type":"EntryPoint","urlTemplate":"https:\/\/diasamaritan.com\/?s={search_term_string}"},"query-input":{"@type":"PropertyValueSpecification","valueRequired":true,"valueName":"search_term_string"}}],"inLanguage":"cs"}]}},"_links":{"self":[{"href":"https:\/\/diasamaritan.com\/cs\/wp-json\/wp\/v2\/product\/301","targetHints":{"allow":["GET"]}}],"collection":[{"href":"https:\/\/diasamaritan.com\/cs\/wp-json\/wp\/v2\/product"}],"about":[{"href":"https:\/\/diasamaritan.com\/cs\/wp-json\/wp\/v2\/types\/product"}],"replies":[{"embeddable":true,"href":"https:\/\/diasamaritan.com\/cs\/wp-json\/wp\/v2\/comments?post=301"}],"wp:featuredmedia":[{"embeddable":true,"href":"https:\/\/diasamaritan.com\/cs\/wp-json\/wp\/v2\/media\/877"}],"wp:attachment":[{"href":"https:\/\/diasamaritan.com\/cs\/wp-json\/wp\/v2\/media?parent=301"}],"wp:term":[{"taxonomy":"product_brand","embeddable":true,"href":"https:\/\/diasamaritan.com\/cs\/wp-json\/wp\/v2\/product_brand?post=301"},{"taxonomy":"product_cat","embeddable":true,"href":"https:\/\/diasamaritan.com\/cs\/wp-json\/wp\/v2\/product_cat?post=301"},{"taxonomy":"product_tag","embeddable":true,"href":"https:\/\/diasamaritan.com\/cs\/wp-json\/wp\/v2\/product_tag?post=301"}],"curies":[{"name":"wp","href":"https:\/\/api.w.org\/{rel}","templated":true}]}}