{"id":6467,"date":"2023-07-04T18:39:38","date_gmt":"2023-07-04T18:39:38","guid":{"rendered":"https:\/\/www.diasamaritan.com\/clensky-ucet\/clenska-platba\/"},"modified":"2023-07-04T18:39:38","modified_gmt":"2023-07-04T18:39:38","slug":"clenska-platba","status":"publish","type":"page","link":"https:\/\/diasamaritan.com\/de\/clensky-ucet\/clenska-platba\/","title":{"rendered":"\u010clensk\u00e1 platba"},"content":{"rendered":"<p>[pmpro_billing]<\/p>\n","protected":false},"excerpt":{"rendered":"<p>[pmpro_billing]<\/p>\n","protected":false},"author":1,"featured_media":0,"parent":6466,"menu_order":0,"comment_status":"closed","ping_status":"closed","template":"","meta":{"footnotes":""},"class_list":["post-6467","page","type-page","status-publish","hentry"],"yoast_head":"<!-- This site is optimized with the Yoast SEO plugin v27.4 - https:\/\/yoast.com\/product\/yoast-seo-wordpress\/ -->\n<title>\u010clensk\u00e1 platba - diasamaritan.com<\/title>\n<meta name=\"robots\" content=\"index, follow, max-snippet:-1, max-image-preview:large, max-video-preview:-1\" \/>\n<link rel=\"canonical\" href=\"https:\/\/diasamaritan.com\/clensky-ucet\/clenska-platba\/\" \/>\n<meta property=\"og:locale\" content=\"de_DE\" \/>\n<meta property=\"og:type\" content=\"article\" \/>\n<meta property=\"og:title\" content=\"\u010clensk\u00e1 platba - diasamaritan.com\" \/>\n<meta property=\"og:description\" content=\"[pmpro_billing]\" \/>\n<meta property=\"og:url\" content=\"https:\/\/diasamaritan.com\/clensky-ucet\/clenska-platba\/\" \/>\n<meta property=\"og:site_name\" content=\"diasamaritan.com\" \/>\n<meta name=\"twitter:card\" content=\"summary_large_image\" \/>\n<script type=\"application\/ld+json\" class=\"yoast-schema-graph\">{\"@context\":\"https:\\\/\\\/schema.org\",\"@graph\":[{\"@type\":\"WebPage\",\"@id\":\"https:\\\/\\\/diasamaritan.com\\\/clensky-ucet\\\/clenska-platba\\\/\",\"url\":\"https:\\\/\\\/diasamaritan.com\\\/clensky-ucet\\\/clenska-platba\\\/\",\"name\":\"\u010clensk\u00e1 platba - diasamaritan.com\",\"isPartOf\":{\"@id\":\"https:\\\/\\\/diasamaritan.com\\\/#website\"},\"datePublished\":\"2023-07-04T18:39:38+00:00\",\"breadcrumb\":{\"@id\":\"https:\\\/\\\/diasamaritan.com\\\/clensky-ucet\\\/clenska-platba\\\/#breadcrumb\"},\"inLanguage\":\"de\",\"potentialAction\":[{\"@type\":\"ReadAction\",\"target\":[\"https:\\\/\\\/diasamaritan.com\\\/clensky-ucet\\\/clenska-platba\\\/\"]}]},{\"@type\":\"BreadcrumbList\",\"@id\":\"https:\\\/\\\/diasamaritan.com\\\/clensky-ucet\\\/clenska-platba\\\/#breadcrumb\",\"itemListElement\":[{\"@type\":\"ListItem\",\"position\":1,\"name\":\"Domov\",\"item\":\"https:\\\/\\\/diasamaritan.com\\\/de\\\/\"},{\"@type\":\"ListItem\",\"position\":2,\"name\":\"\u010clensk\u00fd \u00fa\u010det\",\"item\":\"https:\\\/\\\/diasamaritan.com\\\/de\\\/clensky-ucet\\\/\"},{\"@type\":\"ListItem\",\"position\":3,\"name\":\"\u010clensk\u00e1 platba\"}]},{\"@type\":\"WebSite\",\"@id\":\"https:\\\/\\\/diasamaritan.com\\\/#website\",\"url\":\"https:\\\/\\\/diasamaritan.com\\\/\",\"name\":\"diasamaritan.com\",\"description\":\"...aby ste aj vy mohli \u017ei\u0165 bez cukrovky\",\"potentialAction\":[{\"@type\":\"SearchAction\",\"target\":{\"@type\":\"EntryPoint\",\"urlTemplate\":\"https:\\\/\\\/diasamaritan.com\\\/?s={search_term_string}\"},\"query-input\":{\"@type\":\"PropertyValueSpecification\",\"valueRequired\":true,\"valueName\":\"search_term_string\"}}],\"inLanguage\":\"de\"}]}<\/script>\n<!-- \/ Yoast SEO plugin. -->","yoast_head_json":{"title":"\u010clensk\u00e1 platba - diasamaritan.com","robots":{"index":"index","follow":"follow","max-snippet":"max-snippet:-1","max-image-preview":"max-image-preview:large","max-video-preview":"max-video-preview:-1"},"canonical":"https:\/\/diasamaritan.com\/clensky-ucet\/clenska-platba\/","og_locale":"de_DE","og_type":"article","og_title":"\u010clensk\u00e1 platba - diasamaritan.com","og_description":"[pmpro_billing]","og_url":"https:\/\/diasamaritan.com\/clensky-ucet\/clenska-platba\/","og_site_name":"diasamaritan.com","twitter_card":"summary_large_image","schema":{"@context":"https:\/\/schema.org","@graph":[{"@type":"WebPage","@id":"https:\/\/diasamaritan.com\/clensky-ucet\/clenska-platba\/","url":"https:\/\/diasamaritan.com\/clensky-ucet\/clenska-platba\/","name":"\u010clensk\u00e1 platba - diasamaritan.com","isPartOf":{"@id":"https:\/\/diasamaritan.com\/#website"},"datePublished":"2023-07-04T18:39:38+00:00","breadcrumb":{"@id":"https:\/\/diasamaritan.com\/clensky-ucet\/clenska-platba\/#breadcrumb"},"inLanguage":"de","potentialAction":[{"@type":"ReadAction","target":["https:\/\/diasamaritan.com\/clensky-ucet\/clenska-platba\/"]}]},{"@type":"BreadcrumbList","@id":"https:\/\/diasamaritan.com\/clensky-ucet\/clenska-platba\/#breadcrumb","itemListElement":[{"@type":"ListItem","position":1,"name":"Domov","item":"https:\/\/diasamaritan.com\/de\/"},{"@type":"ListItem","position":2,"name":"\u010clensk\u00fd \u00fa\u010det","item":"https:\/\/diasamaritan.com\/de\/clensky-ucet\/"},{"@type":"ListItem","position":3,"name":"\u010clensk\u00e1 platba"}]},{"@type":"WebSite","@id":"https:\/\/diasamaritan.com\/#website","url":"https:\/\/diasamaritan.com\/","name":"diasamaritan.com","description":"...aby ste aj vy mohli \u017ei\u0165 bez cukrovky","potentialAction":[{"@type":"SearchAction","target":{"@type":"EntryPoint","urlTemplate":"https:\/\/diasamaritan.com\/?s={search_term_string}"},"query-input":{"@type":"PropertyValueSpecification","valueRequired":true,"valueName":"search_term_string"}}],"inLanguage":"de"}]}},"_links":{"self":[{"href":"https:\/\/diasamaritan.com\/de\/wp-json\/wp\/v2\/pages\/6467","targetHints":{"allow":["GET"]}}],"collection":[{"href":"https:\/\/diasamaritan.com\/de\/wp-json\/wp\/v2\/pages"}],"about":[{"href":"https:\/\/diasamaritan.com\/de\/wp-json\/wp\/v2\/types\/page"}],"author":[{"embeddable":true,"href":"https:\/\/diasamaritan.com\/de\/wp-json\/wp\/v2\/users\/1"}],"replies":[{"embeddable":true,"href":"https:\/\/diasamaritan.com\/de\/wp-json\/wp\/v2\/comments?post=6467"}],"version-history":[{"count":0,"href":"https:\/\/diasamaritan.com\/de\/wp-json\/wp\/v2\/pages\/6467\/revisions"}],"up":[{"embeddable":true,"href":"https:\/\/diasamaritan.com\/de\/wp-json\/wp\/v2\/pages\/6466"}],"wp:attachment":[{"href":"https:\/\/diasamaritan.com\/de\/wp-json\/wp\/v2\/media?parent=6467"}],"curies":[{"name":"wp","href":"https:\/\/api.w.org\/{rel}","templated":true}]}}