{"id":6463,"date":"2023-07-11T17:04:49","date_gmt":"2023-07-11T17:04:49","guid":{"rendered":"https:\/\/www.diasamaritan.com\/?post_type=product&#038;p=6463"},"modified":"2024-07-22T21:04:11","modified_gmt":"2024-07-22T21:04:11","slug":"membershipde37","status":"publish","type":"product","link":"https:\/\/diasamaritan.com\/de\/produkt\/membershipde37\/","title":{"rendered":"\u010clensk\u00e1 sekcia pre zdrav\u00fa glyk\u00e9miu"},"content":{"rendered":"","protected":false},"excerpt":{"rendered":"","protected":false},"featured_media":0,"comment_status":"open","ping_status":"closed","template":"","meta":[],"product_brand":[],"product_cat":[],"product_tag":[],"class_list":{"0":"post-6463","1":"product","2":"type-product","3":"status-publish","6":"first","7":"instock","8":"sale","9":"taxable","10":"shipping-taxable","11":"purchasable","12":"product-type-simple"},"yoast_head":"<!-- This site is optimized with the Yoast SEO plugin v27.4 - https:\/\/yoast.com\/product\/yoast-seo-wordpress\/ -->\n<title>\u010clensk\u00e1 sekcia pre zdrav\u00fa glyk\u00e9miu - diasamaritan.com<\/title>\n<meta name=\"robots\" content=\"index, follow, max-snippet:-1, max-image-preview:large, max-video-preview:-1\" \/>\n<link rel=\"canonical\" href=\"https:\/\/diasamaritan.com\/de\/produkt\/membershipde37\/\" \/>\n<meta property=\"og:locale\" content=\"de_DE\" \/>\n<meta property=\"og:type\" content=\"article\" \/>\n<meta property=\"og:title\" content=\"\u010clensk\u00e1 sekcia pre zdrav\u00fa glyk\u00e9miu - diasamaritan.com\" \/>\n<meta property=\"og:url\" content=\"https:\/\/diasamaritan.com\/de\/produkt\/membershipde37\/\" \/>\n<meta property=\"og:site_name\" content=\"diasamaritan.com\" \/>\n<meta property=\"article:modified_time\" content=\"2024-07-22T21:04:11+00:00\" \/>\n<meta name=\"twitter:card\" content=\"summary_large_image\" \/>\n<script type=\"application\/ld+json\" class=\"yoast-schema-graph\">{\"@context\":\"https:\\\/\\\/schema.org\",\"@graph\":[{\"@type\":\"WebPage\",\"@id\":\"https:\\\/\\\/diasamaritan.com\\\/de\\\/produkt\\\/membershipde37\\\/\",\"url\":\"https:\\\/\\\/diasamaritan.com\\\/de\\\/produkt\\\/membershipde37\\\/\",\"name\":\"\u010clensk\u00e1 sekcia pre zdrav\u00fa glyk\u00e9miu - diasamaritan.com\",\"isPartOf\":{\"@id\":\"https:\\\/\\\/diasamaritan.com\\\/#website\"},\"datePublished\":\"2023-07-11T17:04:49+00:00\",\"dateModified\":\"2024-07-22T21:04:11+00:00\",\"breadcrumb\":{\"@id\":\"https:\\\/\\\/diasamaritan.com\\\/de\\\/produkt\\\/membershipde37\\\/#breadcrumb\"},\"inLanguage\":\"de\",\"potentialAction\":[{\"@type\":\"ReadAction\",\"target\":[\"https:\\\/\\\/diasamaritan.com\\\/de\\\/produkt\\\/membershipde37\\\/\"]}]},{\"@type\":\"BreadcrumbList\",\"@id\":\"https:\\\/\\\/diasamaritan.com\\\/de\\\/produkt\\\/membershipde37\\\/#breadcrumb\",\"itemListElement\":[{\"@type\":\"ListItem\",\"position\":1,\"name\":\"Domov\",\"item\":\"https:\\\/\\\/diasamaritan.com\\\/de\\\/\"},{\"@type\":\"ListItem\",\"position\":2,\"name\":\"Shop\",\"item\":\"http:\\\/\\\/diasamaritan.com\\\/de\\\/shopde\\\/\"},{\"@type\":\"ListItem\",\"position\":3,\"name\":\"\u010clensk\u00e1 sekcia pre zdrav\u00fa glyk\u00e9miu\"}]},{\"@type\":\"WebSite\",\"@id\":\"https:\\\/\\\/diasamaritan.com\\\/#website\",\"url\":\"https:\\\/\\\/diasamaritan.com\\\/\",\"name\":\"diasamaritan.com\",\"description\":\"...aby ste aj vy mohli \u017ei\u0165 bez cukrovky\",\"potentialAction\":[{\"@type\":\"SearchAction\",\"target\":{\"@type\":\"EntryPoint\",\"urlTemplate\":\"https:\\\/\\\/diasamaritan.com\\\/?s={search_term_string}\"},\"query-input\":{\"@type\":\"PropertyValueSpecification\",\"valueRequired\":true,\"valueName\":\"search_term_string\"}}],\"inLanguage\":\"de\"}]}<\/script>\n<!-- \/ Yoast SEO plugin. -->","yoast_head_json":{"title":"\u010clensk\u00e1 sekcia pre zdrav\u00fa glyk\u00e9miu - diasamaritan.com","robots":{"index":"index","follow":"follow","max-snippet":"max-snippet:-1","max-image-preview":"max-image-preview:large","max-video-preview":"max-video-preview:-1"},"canonical":"https:\/\/diasamaritan.com\/de\/produkt\/membershipde37\/","og_locale":"de_DE","og_type":"article","og_title":"\u010clensk\u00e1 sekcia pre zdrav\u00fa glyk\u00e9miu - diasamaritan.com","og_url":"https:\/\/diasamaritan.com\/de\/produkt\/membershipde37\/","og_site_name":"diasamaritan.com","article_modified_time":"2024-07-22T21:04:11+00:00","twitter_card":"summary_large_image","schema":{"@context":"https:\/\/schema.org","@graph":[{"@type":"WebPage","@id":"https:\/\/diasamaritan.com\/de\/produkt\/membershipde37\/","url":"https:\/\/diasamaritan.com\/de\/produkt\/membershipde37\/","name":"\u010clensk\u00e1 sekcia pre zdrav\u00fa glyk\u00e9miu - diasamaritan.com","isPartOf":{"@id":"https:\/\/diasamaritan.com\/#website"},"datePublished":"2023-07-11T17:04:49+00:00","dateModified":"2024-07-22T21:04:11+00:00","breadcrumb":{"@id":"https:\/\/diasamaritan.com\/de\/produkt\/membershipde37\/#breadcrumb"},"inLanguage":"de","potentialAction":[{"@type":"ReadAction","target":["https:\/\/diasamaritan.com\/de\/produkt\/membershipde37\/"]}]},{"@type":"BreadcrumbList","@id":"https:\/\/diasamaritan.com\/de\/produkt\/membershipde37\/#breadcrumb","itemListElement":[{"@type":"ListItem","position":1,"name":"Domov","item":"https:\/\/diasamaritan.com\/de\/"},{"@type":"ListItem","position":2,"name":"Shop","item":"http:\/\/diasamaritan.com\/de\/shopde\/"},{"@type":"ListItem","position":3,"name":"\u010clensk\u00e1 sekcia pre zdrav\u00fa glyk\u00e9miu"}]},{"@type":"WebSite","@id":"https:\/\/diasamaritan.com\/#website","url":"https:\/\/diasamaritan.com\/","name":"diasamaritan.com","description":"...aby ste aj vy mohli \u017ei\u0165 bez cukrovky","potentialAction":[{"@type":"SearchAction","target":{"@type":"EntryPoint","urlTemplate":"https:\/\/diasamaritan.com\/?s={search_term_string}"},"query-input":{"@type":"PropertyValueSpecification","valueRequired":true,"valueName":"search_term_string"}}],"inLanguage":"de"}]}},"_links":{"self":[{"href":"https:\/\/diasamaritan.com\/de\/wp-json\/wp\/v2\/product\/6463","targetHints":{"allow":["GET"]}}],"collection":[{"href":"https:\/\/diasamaritan.com\/de\/wp-json\/wp\/v2\/product"}],"about":[{"href":"https:\/\/diasamaritan.com\/de\/wp-json\/wp\/v2\/types\/product"}],"replies":[{"embeddable":true,"href":"https:\/\/diasamaritan.com\/de\/wp-json\/wp\/v2\/comments?post=6463"}],"wp:attachment":[{"href":"https:\/\/diasamaritan.com\/de\/wp-json\/wp\/v2\/media?parent=6463"}],"wp:term":[{"taxonomy":"product_brand","embeddable":true,"href":"https:\/\/diasamaritan.com\/de\/wp-json\/wp\/v2\/product_brand?post=6463"},{"taxonomy":"product_cat","embeddable":true,"href":"https:\/\/diasamaritan.com\/de\/wp-json\/wp\/v2\/product_cat?post=6463"},{"taxonomy":"product_tag","embeddable":true,"href":"https:\/\/diasamaritan.com\/de\/wp-json\/wp\/v2\/product_tag?post=6463"}],"curies":[{"name":"wp","href":"https:\/\/api.w.org\/{rel}","templated":true}]}}